{"id":79,"date":"2025-04-15T05:06:16","date_gmt":"2025-04-15T03:06:16","guid":{"rendered":"https:\/\/residencenosylonjo-diegosuarez.com\/?page_id=79"},"modified":"2025-04-15T05:07:40","modified_gmt":"2025-04-15T03:07:40","slug":"le-domaine-residentiel-de-nosy-lonjo","status":"publish","type":"page","link":"https:\/\/residencenosylonjo-diegosuarez.com\/index.php\/le-domaine-residentiel-de-nosy-lonjo\/","title":{"rendered":"Le domaine r\u00e9sidentiel de Nosy Lonjo"},"content":{"rendered":"\n<h2 class=\"wp-block-heading\"><strong>Une valeur s\u00fbre, dans un cadre d\u2019exception.<\/strong><\/h2>\n\n\n\n<figure class=\"wp-block-image size-full\"><img fetchpriority=\"high\" decoding=\"async\" width=\"827\" height=\"413\" src=\"http:\/\/residencenosylonjo-diegosuarez.com\/wp-content\/uploads\/2025\/04\/WhatsApp-Image-2025-04-13-a-22.45.48_0a9d0b28.jpg\" alt=\"\" class=\"wp-image-35\" srcset=\"https:\/\/residencenosylonjo-diegosuarez.com\/wp-content\/uploads\/2025\/04\/WhatsApp-Image-2025-04-13-a-22.45.48_0a9d0b28.jpg 827w, https:\/\/residencenosylonjo-diegosuarez.com\/wp-content\/uploads\/2025\/04\/WhatsApp-Image-2025-04-13-a-22.45.48_0a9d0b28-300x150.jpg 300w, https:\/\/residencenosylonjo-diegosuarez.com\/wp-content\/uploads\/2025\/04\/WhatsApp-Image-2025-04-13-a-22.45.48_0a9d0b28-768x384.jpg 768w\" sizes=\"(max-width: 827px) 100vw, 827px\" \/><\/figure>\n\n\n\n<p>Adoss\u00e9e \u00e0 la Montagne des Fran\u00e7ais, avec une vue imprenable sur la majestueuse Baie de Diego-Suarez, la <strong>R\u00e9sidence de Nosy Lonjo<\/strong> vous propose un choix exclusif de <strong>20 parcelles<\/strong> nich\u00e9es dans un <strong>jardin tropical paysag\u00e9 avec piscine<\/strong>.<\/p>\n\n\n\n<hr class=\"wp-block-separator has-alpha-channel-opacity\"\/>\n\n\n\n<p>Chez vous, au c\u0153ur d\u2019un parc enti\u00e8rement s\u00e9curis\u00e9, vous profitez d\u2019un environnement paisible et de <strong>tous les services premium offerts par le Domaine<\/strong>* : confort, tranquillit\u00e9 et qualit\u00e9 de vie au quotidien.<\/p>\n\n\n\n<hr class=\"wp-block-separator has-alpha-channel-opacity\"\/>\n\n\n\n<h3 class=\"wp-block-heading\"><strong>Votre villa, entre confort moderne et charme tropical<\/strong><\/h3>\n\n\n\n<p>Chaque villa du <strong>Domaine Nosy Lonjo<\/strong> est <strong>construite selon les normes europ\u00e9ennes et anticycloniques<\/strong>, garantissant s\u00e9curit\u00e9 et durabilit\u00e9.<\/p>\n\n\n\n<figure class=\"wp-block-gallery has-nested-images columns-default is-cropped wp-block-gallery-1 is-layout-flex wp-block-gallery-is-layout-flex\">\n<figure class=\"wp-block-image size-large\"><img decoding=\"async\" width=\"1024\" height=\"743\" data-id=\"36\" src=\"https:\/\/residencenosylonjo-diegosuarez.com\/wp-content\/uploads\/2025\/04\/WhatsApp-Image-2025-04-13-a-22.45.48_78f11dc0-1024x743.jpg\" alt=\"\" class=\"wp-image-36\" srcset=\"https:\/\/residencenosylonjo-diegosuarez.com\/wp-content\/uploads\/2025\/04\/WhatsApp-Image-2025-04-13-a-22.45.48_78f11dc0-1024x743.jpg 1024w, https:\/\/residencenosylonjo-diegosuarez.com\/wp-content\/uploads\/2025\/04\/WhatsApp-Image-2025-04-13-a-22.45.48_78f11dc0-300x218.jpg 300w, https:\/\/residencenosylonjo-diegosuarez.com\/wp-content\/uploads\/2025\/04\/WhatsApp-Image-2025-04-13-a-22.45.48_78f11dc0-768x557.jpg 768w, https:\/\/residencenosylonjo-diegosuarez.com\/wp-content\/uploads\/2025\/04\/WhatsApp-Image-2025-04-13-a-22.45.48_78f11dc0-1536x1115.jpg 1536w, https:\/\/residencenosylonjo-diegosuarez.com\/wp-content\/uploads\/2025\/04\/WhatsApp-Image-2025-04-13-a-22.45.48_78f11dc0.jpg 1600w\" sizes=\"(max-width: 1024px) 100vw, 1024px\" \/><\/figure>\n\n\n\n<figure class=\"wp-block-image size-large\"><img decoding=\"async\" width=\"583\" height=\"250\" data-id=\"37\" src=\"https:\/\/residencenosylonjo-diegosuarez.com\/wp-content\/uploads\/2025\/04\/WhatsApp-Image-2025-04-13-a-22.45.49_0fa46066.jpg\" alt=\"\" class=\"wp-image-37\" srcset=\"https:\/\/residencenosylonjo-diegosuarez.com\/wp-content\/uploads\/2025\/04\/WhatsApp-Image-2025-04-13-a-22.45.49_0fa46066.jpg 583w, https:\/\/residencenosylonjo-diegosuarez.com\/wp-content\/uploads\/2025\/04\/WhatsApp-Image-2025-04-13-a-22.45.49_0fa46066-300x129.jpg 300w\" sizes=\"(max-width: 583px) 100vw, 583px\" \/><\/figure>\n\n\n\n<figure class=\"wp-block-image size-large\"><img loading=\"lazy\" decoding=\"async\" width=\"585\" height=\"251\" data-id=\"33\" src=\"https:\/\/residencenosylonjo-diegosuarez.com\/wp-content\/uploads\/2025\/04\/WhatsApp-Image-2025-04-13-a-22.45.32_ad232f88.jpg\" alt=\"\" class=\"wp-image-33\" srcset=\"https:\/\/residencenosylonjo-diegosuarez.com\/wp-content\/uploads\/2025\/04\/WhatsApp-Image-2025-04-13-a-22.45.32_ad232f88.jpg 585w, https:\/\/residencenosylonjo-diegosuarez.com\/wp-content\/uploads\/2025\/04\/WhatsApp-Image-2025-04-13-a-22.45.32_ad232f88-300x129.jpg 300w\" sizes=\"(max-width: 585px) 100vw, 585px\" \/><\/figure>\n<\/figure>\n\n\n\n<p>Con\u00e7ue dans un <strong>style architectural adapt\u00e9 \u00e0 la r\u00e9gion<\/strong>, votre villa s\u2019int\u00e8gre harmonieusement \u00e0 un <strong>ensemble \u00e0 taille humaine<\/strong> : 20 villas seulement, r\u00e9parties dans un parc paysag\u00e9 de 1,5 hectare, pr\u00e9servant <strong>calme, intimit\u00e9 et authenticit\u00e9<\/strong>.<\/p>\n\n\n\n<p>Pens\u00e9e comme un <strong>compromis parfait entre tradition et modernit\u00e9<\/strong>, elle est <strong>enti\u00e8rement \u00e9quip\u00e9e<\/strong> pour vous offrir un cadre de vie agr\u00e9able tout au long de l\u2019ann\u00e9e \u2014 <strong>300 jours de soleil<\/strong>, une terrasse ouverte sur le jardin, et des espaces optimis\u00e9s pour votre confort.<\/p>\n","protected":false},"excerpt":{"rendered":"<p>Une valeur s\u00fbre, dans un cadre d\u2019exception. Adoss\u00e9e \u00e0 la Montagne des Fran\u00e7ais, avec une vue imprenable sur la majestueuse Baie de Diego-Suarez, la R\u00e9sidence de Nosy Lonjo vous propose un choix exclusif de 20 parcelles nich\u00e9es dans un jardin tropical paysag\u00e9 avec piscine. Chez vous, au c\u0153ur d\u2019un parc enti\u00e8rement s\u00e9curis\u00e9, vous profitez d\u2019un [&hellip;]<\/p>\n","protected":false},"author":1,"featured_media":0,"parent":0,"menu_order":0,"comment_status":"closed","ping_status":"closed","template":"","meta":{"footnotes":""},"class_list":["post-79","page","type-page","status-publish","hentry"],"_links":{"self":[{"href":"https:\/\/residencenosylonjo-diegosuarez.com\/index.php\/wp-json\/wp\/v2\/pages\/79","targetHints":{"allow":["GET"]}}],"collection":[{"href":"https:\/\/residencenosylonjo-diegosuarez.com\/index.php\/wp-json\/wp\/v2\/pages"}],"about":[{"href":"https:\/\/residencenosylonjo-diegosuarez.com\/index.php\/wp-json\/wp\/v2\/types\/page"}],"author":[{"embeddable":true,"href":"https:\/\/residencenosylonjo-diegosuarez.com\/index.php\/wp-json\/wp\/v2\/users\/1"}],"replies":[{"embeddable":true,"href":"https:\/\/residencenosylonjo-diegosuarez.com\/index.php\/wp-json\/wp\/v2\/comments?post=79"}],"version-history":[{"count":2,"href":"https:\/\/residencenosylonjo-diegosuarez.com\/index.php\/wp-json\/wp\/v2\/pages\/79\/revisions"}],"predecessor-version":[{"id":82,"href":"https:\/\/residencenosylonjo-diegosuarez.com\/index.php\/wp-json\/wp\/v2\/pages\/79\/revisions\/82"}],"wp:attachment":[{"href":"https:\/\/residencenosylonjo-diegosuarez.com\/index.php\/wp-json\/wp\/v2\/media?parent=79"}],"curies":[{"name":"wp","href":"https:\/\/api.w.org\/{rel}","templated":true}]}}